{"id":2490,"date":"2024-10-25T11:03:56","date_gmt":"2024-10-25T11:03:56","guid":{"rendered":"https:\/\/veridiagest.es\/?page_id=2490"},"modified":"2024-10-25T11:04:21","modified_gmt":"2024-10-25T11:04:21","slug":"accesibilidad","status":"publish","type":"page","link":"https:\/\/veridiagest.es\/index.php\/accesibilidad\/","title":{"rendered":"Accesibilidad"},"content":{"rendered":"\t\t<div data-elementor-type=\"wp-page\" data-elementor-id=\"2490\" class=\"elementor elementor-2490\">\n\t\t\t\t\t\t<section class=\"elementor-section elementor-top-section elementor-element elementor-element-5946f3a7 elementor-section-boxed elementor-section-height-default elementor-section-height-default\" data-id=\"5946f3a7\" data-element_type=\"section\" data-e-type=\"section\">\n\t\t\t\t\t\t<div class=\"elementor-container elementor-column-gap-default\">\n\t\t\t\t\t<div class=\"elementor-column elementor-col-100 elementor-top-column elementor-element elementor-element-693648b2\" data-id=\"693648b2\" data-element_type=\"column\" data-e-type=\"column\">\n\t\t\t<div class=\"elementor-widget-wrap elementor-element-populated\">\n\t\t\t\t\t\t<div class=\"elementor-element elementor-element-c976580 elementor-widget elementor-widget-text-editor\" data-id=\"c976580\" data-element_type=\"widget\" data-e-type=\"widget\" data-widget_type=\"text-editor.default\">\n\t\t\t\t<div class=\"elementor-widget-container\">\n\t\t\t\t\t\t\t\t\t<h2 style=\"color:#202e56;\">Declaraci\u00f3n de Accesibilidad<\/h2>\nEn <strong>VeridiaGest<\/strong>, estamos comprometidos con garantizar la accesibilidad de nuestro sitio web para todas las personas, incluidas aquellas con discapacidades. Nos esforzamos por cumplir con los est\u00e1ndares de accesibilidad seg\u00fan lo establecido por la <strong>Directiva (UE) 2016\/2102<\/strong> y el <strong>Real Decreto 1112\/2018<\/strong>.\n<h3 style=\"color:#202e56;\">Situaci\u00f3n de Cumplimiento<\/h3>\nEste sitio web es <strong>parcialmente conforme<\/strong> con la norma <strong>UNE-EN 301 549:2022<\/strong>, debido a las excepciones que se detallan a continuaci\u00f3n. Estamos trabajando activamente para corregir las \u00e1reas que a\u00fan no cumplen con los requisitos de accesibilidad.\n<h3 style=\"color:#202e56;\">Contenido no Accesible<\/h3>\nAlgunas secciones del sitio web no cumplen totalmente con los requisitos de accesibilidad, espec\u00edficamente:\n<ul>\n \t<li><strong>Formularios interactivos<\/strong>: Algunos formularios no son completamente accesibles para usuarios que dependen exclusivamente de la navegaci\u00f3n por teclado.<\/li>\n \t<li><strong>Documentos PDF<\/strong>: Algunos archivos PDF no est\u00e1n completamente optimizados para lectores de pantalla.<\/li>\n<\/ul>\n<h3 style=\"color:#202e56;\">Preparaci\u00f3n de la Declaraci\u00f3n<\/h3>\nEsta declaraci\u00f3n fue preparada el 09\/09\/2024 mediante una autoevaluaci\u00f3n llevada a cabo por <strong>VeridiaGest<\/strong>. \u00daltima revisi\u00f3n de la declaraci\u00f3n: 09\/09\/2024.\n<h3 style=\"color:#202e56;\">Mecanismos de Comunicaci\u00f3n<\/h3>\nSi encuentra dificultades para acceder a alguna parte de este sitio web o tiene cualquier sugerencia para mejorar la accesibilidad, puede ponerse en contacto con nosotros a trav\u00e9s de:\n<ul>\n \t<li>Correo electr\u00f3nico: administracion@veridiagest.es<\/li>\n<\/ul>\n<h3 style=\"color:#202e56;\">Medidas que se han llevado a cabo<\/h3>\nPara garantizar la accesibilidad en nuestro sitio web VeridiaGest, hemos implementado una serie de acciones basadas en las normativas y recomendaciones de accesibilidad. Estas medidas tienen como objetivo asegurar que nuestro sitio web sea accesible para todas las personas, incluidas aquellas con discapacidades, en conformidad con la <strong>Directiva (UE) 2016\/2102<\/strong> y el <strong>Real Decreto 1112\/2018<\/strong>.\n\nLas principales medidas implementadas incluyen:\n<ol>\n \t<li><strong>Creaci\u00f3n de una p\u00e1gina de Declaraci\u00f3n de Accesibilidad<\/strong>:\n<ul>\n \t<li>Hemos a\u00f1adido una p\u00e1gina dedicada a la declaraci\u00f3n de accesibilidad en el sitio, accesible desde cualquier p\u00e1gina a trav\u00e9s de un enlace en el pie de p\u00e1gina (footer).<\/li>\n \t<li>La estructura de esta p\u00e1gina sigue una jerarqu\u00eda clara utilizando t\u00edtulos y subt\u00edtulos adecuados (<code>&lt;h2&gt;<\/code>, <code>&lt;h3&gt;<\/code>, etc.), asegurando que el contenido sea f\u00e1cil de navegar y entender.<\/li>\n \t<li>Los enlaces dentro de la p\u00e1gina son descriptivos, de modo que los usuarios comprendan claramente a d\u00f3nde les llevar\u00e1 cada enlace. Por ejemplo, usamos \u00abFormulario de contacto\u00bb en lugar de \u00abHaz clic aqu\u00ed\u00bb.<\/li>\n<\/ul>\n<\/li>\n \t<li><strong>Optimizaci\u00f3n del contenido para la navegaci\u00f3n por teclado<\/strong>:\n<ul>\n \t<li>Todo el sitio, incluidas las secciones de la declaraci\u00f3n de accesibilidad, se ha optimizado para ser navegable exclusivamente mediante el uso del teclado, sin depender del rat\u00f3n. Esto garantiza la accesibilidad para usuarios con discapacidades motrices.<\/li>\n<\/ul>\n<\/li>\n \t<li><strong>Revisi\u00f3n y correcci\u00f3n de formularios<\/strong>:\n<ul>\n \t<li>Hemos identificado que algunos formularios no eran completamente accesibles para la navegaci\u00f3n con teclado. Estos formularios han sido ajustados para que puedan ser utilizados por cualquier persona, asegurando la compatibilidad con tecnolog\u00edas de asistencia.<\/li>\n<\/ul>\n<\/li>\n \t<li><strong>Documentos descargables accesibles<\/strong>:\n<ul>\n \t<li>Los documentos PDF descargables han sido revisados y actualizados para cumplir con los requisitos de accesibilidad, asegurando que sean legibles por lectores de pantalla.<\/li>\n \t<li>Se est\u00e1n implementando medidas adicionales para convertir todos los documentos no conformes en versiones accesibles.<\/li>\n<\/ul>\n<\/li>\n \t<li><strong>Mecanismos de retroalimentaci\u00f3n y reclamaci\u00f3n<\/strong>:\n<ul>\n \t<li>Hemos habilitado un formulario de contacto accesible para que los usuarios puedan notificar cualquier problema de accesibilidad en el sitio web. Adem\u00e1s, hemos proporcionado un correo electr\u00f3nico de contacto espec\u00edfico para este prop\u00f3sito.<\/li>\n \t<li>Tambi\u00e9n hemos implementado un procedimiento de reclamaci\u00f3n claro para que los usuarios puedan presentar quejas si no est\u00e1n satisfechos con nuestra respuesta o si encuentran problemas no resueltos.<\/li>\n<\/ul>\n<\/li>\n \t<li><strong>Herramientas de verificaci\u00f3n de accesibilidad<\/strong>:\n<ul>\n \t<li>Utilizamos herramientas como <strong>WAVE (Web Accessibility Evaluation Tool)<\/strong> y <strong>Google Lighthouse<\/strong> para evaluar regularmente el estado de accesibilidad del sitio. Estas herramientas nos permiten identificar posibles \u00e1reas de mejora y aplicar correcciones necesarias.<\/li>\n<\/ul>\n<\/li>\n \t<li><strong>Actualizaci\u00f3n peri\u00f3dica de la declaraci\u00f3n de accesibilidad<\/strong>:\n<ul>\n \t<li>La declaraci\u00f3n de accesibilidad se revisa y actualiza peri\u00f3dicamente para reflejar cualquier cambio en la conformidad del sitio web con las normativas de accesibilidad, garantizando la transparencia y el compromiso continuo con la accesibilidad.<\/li>\n<\/ul>\n<\/li>\n<\/ol>\nEstas medidas forman parte de un proceso continuo de mejora para garantizar que todas las personas, independientemente de sus capacidades, puedan acceder a los servicios de VeridiaGest sin barreras.\t\t\t\t\t\t\t\t<\/div>\n\t\t\t\t<\/div>\n\t\t\t\t\t<\/div>\n\t\t<\/div>\n\t\t\t\t\t<\/div>\n\t\t<\/section>\n\t\t\t\t<section class=\"elementor-section elementor-top-section elementor-element elementor-element-a22100e elementor-section-boxed elementor-section-height-default elementor-section-height-default\" data-id=\"a22100e\" data-element_type=\"section\" data-e-type=\"section\">\n\t\t\t\t\t\t<div class=\"elementor-container elementor-column-gap-default\">\n\t\t\t\t\t<div class=\"elementor-column elementor-col-100 elementor-top-column elementor-element elementor-element-1e72e06\" data-id=\"1e72e06\" data-element_type=\"column\" data-e-type=\"column\">\n\t\t\t<div class=\"elementor-widget-wrap\">\n\t\t\t\t\t\t\t<\/div>\n\t\t<\/div>\n\t\t\t\t\t<\/div>\n\t\t<\/section>\n\t\t\t\t<\/div>\n\t\t","protected":false},"excerpt":{"rendered":"<p>Declaraci\u00f3n de Accesibilidad En VeridiaGest, estamos comprometidos con garantizar la accesibilidad de nuestro sitio web para todas las personas, incluidas aquellas con discapacidades. Nos esforzamos por cumplir con los est\u00e1ndares de accesibilidad seg\u00fan lo establecido por la Directiva (UE) 2016\/2102 y el Real Decreto 1112\/2018. Situaci\u00f3n de Cumplimiento Este sitio web es parcialmente conforme con [&hellip;]<\/p>\n","protected":false},"author":1,"featured_media":0,"parent":0,"menu_order":0,"comment_status":"closed","ping_status":"closed","template":"","meta":{"_uag_custom_page_level_css":"","site-sidebar-layout":"default","site-content-layout":"","ast-site-content-layout":"default","site-content-style":"default","site-sidebar-style":"default","ast-global-header-display":"","ast-banner-title-visibility":"","ast-main-header-display":"","ast-hfb-above-header-display":"","ast-hfb-below-header-display":"","ast-hfb-mobile-header-display":"","site-post-title":"","ast-breadcrumbs-content":"","ast-featured-img":"","footer-sml-layout":"","theme-transparent-header-meta":"","adv-header-id-meta":"","stick-header-meta":"","header-above-stick-meta":"","header-main-stick-meta":"","header-below-stick-meta":"","astra-migrate-meta-layouts":"set","ast-page-background-enabled":"default","ast-page-background-meta":{"desktop":{"background-color":"","background-image":"","background-repeat":"repeat","background-position":"center center","background-size":"auto","background-attachment":"scroll","background-type":"","background-media":"","overlay-type":"","overlay-color":"","overlay-opacity":"","overlay-gradient":""},"tablet":{"background-color":"","background-image":"","background-repeat":"repeat","background-position":"center center","background-size":"auto","background-attachment":"scroll","background-type":"","background-media":"","overlay-type":"","overlay-color":"","overlay-opacity":"","overlay-gradient":""},"mobile":{"background-color":"","background-image":"","background-repeat":"repeat","background-position":"center center","background-size":"auto","background-attachment":"scroll","background-type":"","background-media":"","overlay-type":"","overlay-color":"","overlay-opacity":"","overlay-gradient":""}},"ast-content-background-meta":{"desktop":{"background-color":"var(--ast-global-color-5)","background-image":"","background-repeat":"repeat","background-position":"center center","background-size":"auto","background-attachment":"scroll","background-type":"","background-media":"","overlay-type":"","overlay-color":"","overlay-opacity":"","overlay-gradient":""},"tablet":{"background-color":"var(--ast-global-color-5)","background-image":"","background-repeat":"repeat","background-position":"center center","background-size":"auto","background-attachment":"scroll","background-type":"","background-media":"","overlay-type":"","overlay-color":"","overlay-opacity":"","overlay-gradient":""},"mobile":{"background-color":"var(--ast-global-color-5)","background-image":"","background-repeat":"repeat","background-position":"center center","background-size":"auto","background-attachment":"scroll","background-type":"","background-media":"","overlay-type":"","overlay-color":"","overlay-opacity":"","overlay-gradient":""}},"footnotes":""},"class_list":["post-2490","page","type-page","status-publish","hentry"],"aioseo_notices":[],"uagb_featured_image_src":{"full":false,"thumbnail":false,"medium":false,"medium_large":false,"large":false,"1536x1536":false,"2048x2048":false},"uagb_author_info":{"display_name":"admin","author_link":"https:\/\/veridiagest.es\/index.php\/author\/admin\/"},"uagb_comment_info":0,"uagb_excerpt":"Declaraci\u00f3n de Accesibilidad En VeridiaGest, estamos comprometidos con garantizar la accesibilidad de nuestro sitio web para todas las personas, incluidas aquellas con discapacidades. Nos esforzamos por cumplir con los est\u00e1ndares de accesibilidad seg\u00fan lo establecido por la Directiva (UE) 2016\/2102 y el Real Decreto 1112\/2018. Situaci\u00f3n de Cumplimiento Este sitio web es parcialmente conforme con&hellip;","_links":{"self":[{"href":"https:\/\/veridiagest.es\/index.php\/wp-json\/wp\/v2\/pages\/2490","targetHints":{"allow":["GET"]}}],"collection":[{"href":"https:\/\/veridiagest.es\/index.php\/wp-json\/wp\/v2\/pages"}],"about":[{"href":"https:\/\/veridiagest.es\/index.php\/wp-json\/wp\/v2\/types\/page"}],"author":[{"embeddable":true,"href":"https:\/\/veridiagest.es\/index.php\/wp-json\/wp\/v2\/users\/1"}],"replies":[{"embeddable":true,"href":"https:\/\/veridiagest.es\/index.php\/wp-json\/wp\/v2\/comments?post=2490"}],"version-history":[{"count":4,"href":"https:\/\/veridiagest.es\/index.php\/wp-json\/wp\/v2\/pages\/2490\/revisions"}],"predecessor-version":[{"id":2495,"href":"https:\/\/veridiagest.es\/index.php\/wp-json\/wp\/v2\/pages\/2490\/revisions\/2495"}],"wp:attachment":[{"href":"https:\/\/veridiagest.es\/index.php\/wp-json\/wp\/v2\/media?parent=2490"}],"curies":[{"name":"wp","href":"https:\/\/api.w.org\/{rel}","templated":true}]}}